{"id":276,"date":"2019-07-09T13:32:21","date_gmt":"2019-07-09T16:32:21","guid":{"rendered":"https:\/\/bitmishop.com\/?page_id=276"},"modified":"2023-04-22T04:33:26","modified_gmt":"2023-04-22T07:33:26","slug":"compras-en-argentina","status":"publish","type":"page","link":"https:\/\/bitmishop.com\/index.php\/compras-en-argentina\/","title":{"rendered":"Compras"},"content":{"rendered":"\t\t<div data-elementor-type=\"wp-post\" data-elementor-id=\"276\" class=\"elementor elementor-276\">\n\t\t\t\t\t\t<section class=\"elementor-section elementor-top-section elementor-element elementor-element-9fecdc8 elementor-section-stretched elementor-section-boxed elementor-section-height-default elementor-section-height-default\" data-id=\"9fecdc8\" data-element_type=\"section\" data-settings=\"{&quot;stretch_section&quot;:&quot;section-stretched&quot;}\">\n\t\t\t\t\t\t<div class=\"elementor-container elementor-column-gap-default\">\n\t\t\t\t\t<div class=\"elementor-column elementor-col-33 elementor-top-column elementor-element elementor-element-251337a\" data-id=\"251337a\" data-element_type=\"column\">\n\t\t\t<div class=\"elementor-widget-wrap elementor-element-populated\">\n\t\t\t\t\t\t<div class=\"elementor-element elementor-element-de893d7 elementor-widget elementor-widget-heading\" data-id=\"de893d7\" data-element_type=\"widget\" data-widget_type=\"heading.default\">\n\t\t\t\t<div class=\"elementor-widget-container\">\n\t\t\t<h2 class=\"elementor-heading-title elementor-size-default\">Compras en Argentina<\/h2>\t\t<\/div>\n\t\t\t\t<\/div>\n\t\t\t\t<div class=\"elementor-element elementor-element-f615365 elementor-widget elementor-widget-text-editor\" data-id=\"f615365\" data-element_type=\"widget\" data-widget_type=\"text-editor.default\">\n\t\t\t\t<div class=\"elementor-widget-container\">\n\t\t\t\t\t\t\t<p style=\"margin-bottom: 15.0pt; background: white;\"><span style=\"font-family: 'Arial',sans-serif; color: black;\">Si viv\u00eds en Argentina, pod\u00e9s pagar en AR$ en efectivo o por transferencia bancaria.<\/span><\/p><p>Env\u00edamos contra reembolso a cualquier punto del pa\u00eds por Oca, Correo Argentino o Andreani.<\/p><p>Comunicate con nosotros al (011) 154 158 2980 o por correo electr\u00f3nico a <strong><em><a style=\"color: #000000; text-decoration: underline;\" href=\"mailto:contact@bitmishop.com\">contact@bitmishop.com<\/a>\u00a0<\/em><\/strong>para pedir un presupuesto.<\/p>\t\t\t\t\t\t<\/div>\n\t\t\t\t<\/div>\n\t\t\t\t\t<\/div>\n\t\t<\/div>\n\t\t\t\t<div class=\"elementor-column elementor-col-66 elementor-top-column elementor-element elementor-element-fc719fe\" data-id=\"fc719fe\" data-element_type=\"column\">\n\t\t\t<div class=\"elementor-widget-wrap elementor-element-populated\">\n\t\t\t\t\t\t<div class=\"elementor-element elementor-element-bba1edf elementor-widget elementor-widget-image\" data-id=\"bba1edf\" data-element_type=\"widget\" data-widget_type=\"image.default\">\n\t\t\t\t<div class=\"elementor-widget-container\">\n\t\t\t\t\t\t\t\t\t\t\t\t\t<img fetchpriority=\"high\" decoding=\"async\" width=\"600\" height=\"400\" src=\"https:\/\/bitmishop.com\/wp-content\/uploads\/2019\/07\/25.jpg\" class=\"attachment-large size-large wp-image-283\" alt=\"\" srcset=\"https:\/\/bitmishop.com\/wp-content\/uploads\/2019\/07\/25.jpg 600w, https:\/\/bitmishop.com\/wp-content\/uploads\/2019\/07\/25-300x200.jpg 300w, https:\/\/bitmishop.com\/wp-content\/uploads\/2019\/07\/25-230x153.jpg 230w, https:\/\/bitmishop.com\/wp-content\/uploads\/2019\/07\/25-350x233.jpg 350w, https:\/\/bitmishop.com\/wp-content\/uploads\/2019\/07\/25-480x320.jpg 480w\" sizes=\"(max-width: 600px) 100vw, 600px\" \/>\t\t\t\t\t\t\t\t\t\t\t\t\t<\/div>\n\t\t\t\t<\/div>\n\t\t\t\t\t<\/div>\n\t\t<\/div>\n\t\t\t\t\t<\/div>\n\t\t<\/section>\n\t\t\t\t<section class=\"elementor-section elementor-top-section elementor-element elementor-element-de3094a elementor-section-stretched elementor-section-content-top elementor-section-height-min-height elementor-section-boxed elementor-section-height-default elementor-section-items-middle\" data-id=\"de3094a\" data-element_type=\"section\" data-settings=\"{&quot;stretch_section&quot;:&quot;section-stretched&quot;,&quot;background_background&quot;:&quot;classic&quot;}\">\n\t\t\t\t\t\t<div class=\"elementor-container elementor-column-gap-default\">\n\t\t\t\t\t<div class=\"elementor-column elementor-col-50 elementor-top-column elementor-element elementor-element-28a2cfd\" data-id=\"28a2cfd\" data-element_type=\"column\">\n\t\t\t<div class=\"elementor-widget-wrap elementor-element-populated\">\n\t\t\t\t\t\t<div class=\"elementor-element elementor-element-66107e0 elementor-widget elementor-widget-heading\" data-id=\"66107e0\" data-element_type=\"widget\" data-widget_type=\"heading.default\">\n\t\t\t\t<div class=\"elementor-widget-container\">\n\t\t\t<h3 class=\"elementor-heading-title elementor-size-default\">Conoc\u00e9 m\u00e1s sobre Bitmi Leyendo el PDF<\/h3>\t\t<\/div>\n\t\t\t\t<\/div>\n\t\t\t\t\t<\/div>\n\t\t<\/div>\n\t\t\t\t<div class=\"elementor-column elementor-col-50 elementor-top-column elementor-element elementor-element-721e93d\" data-id=\"721e93d\" data-element_type=\"column\">\n\t\t\t<div class=\"elementor-widget-wrap elementor-element-populated\">\n\t\t\t\t\t\t<div class=\"elementor-element elementor-element-2f0f557 elementor-view-stacked elementor-shape-circle elementor-widget elementor-widget-icon\" data-id=\"2f0f557\" data-element_type=\"widget\" data-widget_type=\"icon.default\">\n\t\t\t\t<div class=\"elementor-widget-container\">\n\t\t\t\t\t<div class=\"elementor-icon-wrapper\">\n\t\t\t<a class=\"elementor-icon\" href=\"https:\/\/bitmishop.com\/wp-content\/uploads\/2023\/01\/BITMI-3.pdf\" target=\"_blank\">\n\t\t\t<i aria-hidden=\"true\" class=\"far fa-file-pdf\"><\/i>\t\t\t<\/a>\n\t\t<\/div>\n\t\t\t\t<\/div>\n\t\t\t\t<\/div>\n\t\t\t\t\t<\/div>\n\t\t<\/div>\n\t\t\t\t\t<\/div>\n\t\t<\/section>\n\t\t\t\t<section class=\"elementor-section elementor-top-section elementor-element elementor-element-370aa94 elementor-section-stretched elementor-section-boxed elementor-section-height-default elementor-section-height-default\" data-id=\"370aa94\" data-element_type=\"section\" data-settings=\"{&quot;stretch_section&quot;:&quot;section-stretched&quot;}\">\n\t\t\t\t\t\t<div class=\"elementor-container elementor-column-gap-default\">\n\t\t\t\t\t<div class=\"elementor-column elementor-col-100 elementor-top-column elementor-element elementor-element-ec958d4\" data-id=\"ec958d4\" data-element_type=\"column\">\n\t\t\t<div class=\"elementor-widget-wrap elementor-element-populated\">\n\t\t\t\t\t\t<div class=\"elementor-element elementor-element-c737949 elementor-widget elementor-widget-html\" data-id=\"c737949\" data-element_type=\"widget\" data-widget_type=\"html.default\">\n\t\t\t\t<div class=\"elementor-widget-container\">\n\t\t\t<div class=\"_3d-flip-book  fb3d-fullscreen-mode full-size\" data-id=\"393\" data-mode=\"fullscreen\" data-title=\"false\" data-template=\"short-white-book-view\" data-lightbox=\"dark-shadow\" data-urlparam=\"fb3d-page\" data-page-n=\"0\" data-pdf=\"\" data-tax=\"null\" data-thumbnail=\"\" data-cols=\"3\" data-book-template=\"default\" data-trigger=\"\"><\/div><script type=\"text\/javascript\">window.FB3D_CLIENT_DATA = window.FB3D_CLIENT_DATA || [];FB3D_CLIENT_DATA.push('eyJwb3N0cyI6eyIzOTMiOnsiSUQiOjM5MywidGl0bGUiOiJCaXRtaSIsInR5cGUiOiJwZGYiLCJyZWFkeV9mdW5jdGlvbiI6IiIsImJvb2tfc3R5bGUiOiJ2b2x1bWUiLCJib29rX3RlbXBsYXRlIjoibm9uZSIsIm91dGxpbmUiOltdLCJkYXRhIjp7InBvc3RfSUQiOiI0MjMiLCJndWlkIjoiaHR0cHM6XC9cL2JpdG1pc2hvcC5jb21cL3dwLWNvbnRlbnRcL3VwbG9hZHNcLzIwMTlcLzA3XC9CSVRNSS0yLTEucGRmIiwicGRmX3BhZ2VzIjoiMTEiLCJwYWdlc19jdXN0b21pemF0aW9uIjoibm9uZSJ9LCJ0aHVtYm5haWwiOnsiZGF0YSI6eyJwb3N0X0lEIjoiMTc0In0sInR5cGUiOiJtZWRpYUltYWdlIn0sInByb3BzIjp7ImhlaWdodCI6ImF1dG8iLCJ3aWR0aCI6ImF1dG8iLCJncmF2aXR5IjoiYXV0byIsImNhY2hlZFBhZ2VzIjoiYXV0byIsInJlbmRlckluYWN0aXZlUGFnZXMiOiJhdXRvIiwicmVuZGVySW5hY3RpdmVQYWdlc09uTW9iaWxlIjoiYXV0byIsInJlbmRlcldoaWxlRmxpcHBpbmciOiJhdXRvIiwicGFnZXNGb3JQcmVkaWN0aW5nIjoiYXV0byIsInByZWxvYWRQYWdlcyI6ImF1dG8iLCJydGwiOiJhdXRvIiwic2hlZXQiOnsic3RhcnRWZWxvY2l0eSI6ImF1dG8iLCJjb3JuZXJEZXZpYXRpb24iOiJhdXRvIiwiZmxleGliaWxpdHkiOiJhdXRvIiwiZmxleGlibGVDb3JuZXIiOiJhdXRvIiwiYmVuZGluZyI6ImF1dG8iLCJ3YXZlIjoiYXV0byIsIndpZHRoVGV4ZWxzIjoiYXV0byIsImhlaWdodFRleGVscyI6ImF1dG8iLCJjb2xvciI6ImF1dG8ifSwiY292ZXIiOnsic3RhcnRWZWxvY2l0eSI6ImF1dG8iLCJmbGV4aWJpbGl0eSI6ImF1dG8iLCJmbGV4aWJsZUNvcm5lciI6ImF1dG8iLCJiZW5kaW5nIjoiYXV0byIsIndhdmUiOiJhdXRvIiwid2lkdGhUZXhlbHMiOiJhdXRvIiwiaGVpZ2h0VGV4ZWxzIjoiYXV0byIsImNvbG9yIjoiYXV0byIsImJpbmRlclRleHR1cmUiOiJhdXRvIiwiZGVwdGgiOiJhdXRvIiwicGFkZGluZyI6ImF1dG8iLCJtYXNzIjoiYXV0byJ9LCJwYWdlIjp7InN0YXJ0VmVsb2NpdHkiOiJhdXRvIiwiZmxleGliaWxpdHkiOiJhdXRvIiwiZmxleGlibGVDb3JuZXIiOiJhdXRvIiwiYmVuZGluZyI6ImF1dG8iLCJ3YXZlIjoiYXV0byIsIndpZHRoVGV4ZWxzIjoiYXV0byIsImhlaWdodFRleGVscyI6ImF1dG8iLCJjb2xvciI6ImF1dG8iLCJkZXB0aCI6ImF1dG8iLCJtYXNzIjoiYXV0byJ9fSwiY29udHJvbFByb3BzIjp7ImFjdGlvbnMiOnsiY21kU2F2ZSI6eyJlbmFibGVkIjoiYXV0byJ9LCJjbWRQcmludCI6eyJlbmFibGVkIjoiYXV0byJ9LCJjbWRTaW5nbGVQYWdlIjp7ImVuYWJsZWQiOiJhdXRvIiwiYWN0aXZlIjoiYXV0byJ9fX0sImF1dG9UaHVtYm5haWwiOm51bGwsInBvc3RfbmFtZSI6ImJpdG1pIiwicG9zdF90eXBlIjoiM2QtZmxpcC1ib29rIn19LCJwYWdlcyI6W10sImZpcnN0UGFnZXMiOltdfQ==');window.FB3D_CLIENT_LOCALE && FB3D_CLIENT_LOCALE.render && FB3D_CLIENT_LOCALE.render();<\/script>\t\t<\/div>\n\t\t\t\t<\/div>\n\t\t\t\t\t<\/div>\n\t\t<\/div>\n\t\t\t\t\t<\/div>\n\t\t<\/section>\n\t\t\t\t<\/div>\n\t\t","protected":false},"excerpt":{"rendered":"<p>Compras en Argentina Si viv\u00eds en Argentina, pod\u00e9s pagar en AR$ en efectivo o por transferencia bancaria. Env\u00edamos contra reembolso a cualquier [&hellip;]<\/p>\n","protected":false},"author":1,"featured_media":0,"parent":0,"menu_order":0,"comment_status":"closed","ping_status":"closed","template":"","meta":{"content-type":"","om_disable_all_campaigns":false,"_monsterinsights_skip_tracking":false,"_monsterinsights_sitenote_active":false,"_monsterinsights_sitenote_note":"","_monsterinsights_sitenote_category":0,"_joinchat":[]},"aioseo_notices":[],"_links":{"self":[{"href":"https:\/\/bitmishop.com\/index.php\/wp-json\/wp\/v2\/pages\/276"}],"collection":[{"href":"https:\/\/bitmishop.com\/index.php\/wp-json\/wp\/v2\/pages"}],"about":[{"href":"https:\/\/bitmishop.com\/index.php\/wp-json\/wp\/v2\/types\/page"}],"author":[{"embeddable":true,"href":"https:\/\/bitmishop.com\/index.php\/wp-json\/wp\/v2\/users\/1"}],"replies":[{"embeddable":true,"href":"https:\/\/bitmishop.com\/index.php\/wp-json\/wp\/v2\/comments?post=276"}],"version-history":[{"count":32,"href":"https:\/\/bitmishop.com\/index.php\/wp-json\/wp\/v2\/pages\/276\/revisions"}],"predecessor-version":[{"id":36255,"href":"https:\/\/bitmishop.com\/index.php\/wp-json\/wp\/v2\/pages\/276\/revisions\/36255"}],"wp:attachment":[{"href":"https:\/\/bitmishop.com\/index.php\/wp-json\/wp\/v2\/media?parent=276"}],"curies":[{"name":"wp","href":"https:\/\/api.w.org\/{rel}","templated":true}]}}